{"id":244,"date":"2023-12-18T13:42:18","date_gmt":"2023-12-18T12:42:18","guid":{"rendered":"https:\/\/naviadura.com\/?page_id=244"},"modified":"2024-09-16T11:44:34","modified_gmt":"2024-09-16T09:44:34","slug":"politiques-de-confidentialites","status":"publish","type":"page","link":"https:\/\/naviadura.com\/index.php\/politiques-de-confidentialites\/","title":{"rendered":"Politique de confidentialit\u00e9"},"content":{"rendered":"<p>[et_pb_section fb_built=\u00a0\u00bb1&Prime; _builder_version=\u00a0\u00bb4.23.1&Prime; _module_preset=\u00a0\u00bbdefault\u00a0\u00bb global_colors_info=\u00a0\u00bb{}\u00a0\u00bb][et_pb_row _builder_version=\u00a0\u00bb4.23.1&Prime; _module_preset=\u00a0\u00bbdefault\u00a0\u00bb global_colors_info=\u00a0\u00bb{}\u00a0\u00bb][et_pb_column type=\u00a0\u00bb4_4&Prime; _builder_version=\u00a0\u00bb4.23.1&Prime; _module_preset=\u00a0\u00bbdefault\u00a0\u00bb global_colors_info=\u00a0\u00bb{}\u00a0\u00bb][et_pb_text _builder_version=\u00a0\u00bb4.23.1&Prime; _module_preset=\u00a0\u00bbdefault\u00a0\u00bb hover_enabled=\u00a0\u00bb0&Prime; global_colors_info=\u00a0\u00bb{}\u00a0\u00bb sticky_enabled=\u00a0\u00bb0&Prime;]<\/p>\n<h1>Politique de confidentialit\u00e9<\/h1>\n<p>[\/et_pb_text][\/et_pb_column][\/et_pb_row][et_pb_row column_structure=\u00a0\u00bb1_2,1_2&Prime; _builder_version=\u00a0\u00bb4.23.1&Prime; _module_preset=\u00a0\u00bbdefault\u00a0\u00bb global_colors_info=\u00a0\u00bb{}\u00a0\u00bb][et_pb_column type=\u00a0\u00bb1_2&Prime; _builder_version=\u00a0\u00bb4.23.1&Prime; _module_preset=\u00a0\u00bbdefault\u00a0\u00bb global_colors_info=\u00a0\u00bb{}\u00a0\u00bb][et_pb_text _builder_version=\u00a0\u00bb4.23.1&Prime; _module_preset=\u00a0\u00bbdefault\u00a0\u00bb global_colors_info=\u00a0\u00bb{}\u00a0\u00bb]<\/p>\n<p>Au 16 septembre 2024, le site internet <a href=\"http:\/\/www.naviadura\">www.naviadura<\/a> ne collecte aucune donn\u00e9e personnelle des utilisateurs et n&rsquo;utilise aucun cookie.<\/p>\n<p>[\/et_pb_text][\/et_pb_column][et_pb_column type=\u00a0\u00bb1_2&Prime; _builder_version=\u00a0\u00bb4.23.1&Prime; _module_preset=\u00a0\u00bbdefault\u00a0\u00bb global_colors_info=\u00a0\u00bb{}\u00a0\u00bb][et_pb_image src=\u00a0\u00bbhttp:\/\/naviadura.com\/wp-content\/uploads\/2023\/09\/AdobeStock_541715215.jpeg\u00a0\u00bb title_text=\u00a0\u00bbAdobeStock_541715215&Prime; _builder_version=\u00a0\u00bb4.23.1&Prime; _module_preset=\u00a0\u00bbdefault\u00a0\u00bb global_colors_info=\u00a0\u00bb{}\u00a0\u00bb][\/et_pb_image][\/et_pb_column][\/et_pb_row][\/et_pb_section]<\/p>\n","protected":false},"excerpt":{"rendered":"<p>Politique de confidentialit\u00e9Au 16 septembre 2024, le site internet www.naviadura ne collecte aucune donn\u00e9e personnelle des utilisateurs et n&rsquo;utilise aucun cookie.<\/p>\n","protected":false},"author":1,"featured_media":0,"parent":0,"menu_order":0,"comment_status":"closed","ping_status":"closed","template":"","meta":{"_et_pb_use_builder":"on","_et_pb_old_content":"","_et_gb_content_width":"","footnotes":""},"class_list":["post-244","page","type-page","status-publish","hentry"],"yoast_head":"<!-- This site is optimized with the Yoast SEO plugin v27.4 - https:\/\/yoast.com\/product\/yoast-seo-wordpress\/ -->\n<title>Politique de confidentialit\u00e9 - Naviadura<\/title>\n<meta name=\"robots\" content=\"index, follow, max-snippet:-1, max-image-preview:large, max-video-preview:-1\" \/>\n<link rel=\"canonical\" href=\"https:\/\/naviadura.com\/index.php\/politiques-de-confidentialites\/\" \/>\n<meta property=\"og:locale\" content=\"fr_FR\" \/>\n<meta property=\"og:type\" content=\"article\" \/>\n<meta property=\"og:title\" content=\"Politique de confidentialit\u00e9 - Naviadura\" \/>\n<meta property=\"og:description\" content=\"Politique de confidentialit\u00e9Au 16 septembre 2024, le site internet www.naviadura ne collecte aucune donn\u00e9e personnelle des utilisateurs et n&#039;utilise aucun cookie.\" \/>\n<meta property=\"og:url\" content=\"https:\/\/naviadura.com\/index.php\/politiques-de-confidentialites\/\" \/>\n<meta property=\"og:site_name\" content=\"Naviadura\" \/>\n<meta property=\"article:modified_time\" content=\"2024-09-16T09:44:34+00:00\" \/>\n<meta name=\"twitter:card\" content=\"summary_large_image\" \/>\n<meta name=\"twitter:label1\" content=\"Dur\u00e9e de lecture estim\u00e9e\" \/>\n\t<meta name=\"twitter:data1\" content=\"1 minute\" \/>\n<script type=\"application\/ld+json\" class=\"yoast-schema-graph\">{\"@context\":\"https:\\\/\\\/schema.org\",\"@graph\":[{\"@type\":\"WebPage\",\"@id\":\"https:\\\/\\\/naviadura.com\\\/index.php\\\/politiques-de-confidentialites\\\/\",\"url\":\"https:\\\/\\\/naviadura.com\\\/index.php\\\/politiques-de-confidentialites\\\/\",\"name\":\"Politique de confidentialit\u00e9 - Naviadura\",\"isPartOf\":{\"@id\":\"https:\\\/\\\/naviadura.com\\\/#website\"},\"datePublished\":\"2023-12-18T12:42:18+00:00\",\"dateModified\":\"2024-09-16T09:44:34+00:00\",\"breadcrumb\":{\"@id\":\"https:\\\/\\\/naviadura.com\\\/index.php\\\/politiques-de-confidentialites\\\/#breadcrumb\"},\"inLanguage\":\"fr-FR\",\"potentialAction\":[{\"@type\":\"ReadAction\",\"target\":[\"https:\\\/\\\/naviadura.com\\\/index.php\\\/politiques-de-confidentialites\\\/\"]}]},{\"@type\":\"BreadcrumbList\",\"@id\":\"https:\\\/\\\/naviadura.com\\\/index.php\\\/politiques-de-confidentialites\\\/#breadcrumb\",\"itemListElement\":[{\"@type\":\"ListItem\",\"position\":1,\"name\":\"Accueil\",\"item\":\"https:\\\/\\\/naviadura.com\\\/\"},{\"@type\":\"ListItem\",\"position\":2,\"name\":\"Politique de confidentialit\u00e9\"}]},{\"@type\":\"WebSite\",\"@id\":\"https:\\\/\\\/naviadura.com\\\/#website\",\"url\":\"https:\\\/\\\/naviadura.com\\\/\",\"name\":\"Naviadura\",\"description\":\"Naviguons ensemble sur le chemin de la durabilit\u00e9\",\"publisher\":{\"@id\":\"https:\\\/\\\/naviadura.com\\\/#organization\"},\"potentialAction\":[{\"@type\":\"SearchAction\",\"target\":{\"@type\":\"EntryPoint\",\"urlTemplate\":\"https:\\\/\\\/naviadura.com\\\/?s={search_term_string}\"},\"query-input\":{\"@type\":\"PropertyValueSpecification\",\"valueRequired\":true,\"valueName\":\"search_term_string\"}}],\"inLanguage\":\"fr-FR\"},{\"@type\":\"Organization\",\"@id\":\"https:\\\/\\\/naviadura.com\\\/#organization\",\"name\":\"Naviadura\",\"url\":\"https:\\\/\\\/naviadura.com\\\/\",\"logo\":{\"@type\":\"ImageObject\",\"inLanguage\":\"fr-FR\",\"@id\":\"https:\\\/\\\/naviadura.com\\\/#\\\/schema\\\/logo\\\/image\\\/\",\"url\":\"https:\\\/\\\/naviadura.com\\\/wp-content\\\/uploads\\\/2023\\\/09\\\/NAVIADURA_RVB_STD-scaled.jpg\",\"contentUrl\":\"https:\\\/\\\/naviadura.com\\\/wp-content\\\/uploads\\\/2023\\\/09\\\/NAVIADURA_RVB_STD-scaled.jpg\",\"width\":2560,\"height\":873,\"caption\":\"Naviadura\"},\"image\":{\"@id\":\"https:\\\/\\\/naviadura.com\\\/#\\\/schema\\\/logo\\\/image\\\/\"},\"sameAs\":[\"https:\\\/\\\/www.linkedin.com\\\/in\\\/sophie-huguier\\\/\"]}]}<\/script>\n<!-- \/ Yoast SEO plugin. -->","yoast_head_json":{"title":"Politique de confidentialit\u00e9 - Naviadura","robots":{"index":"index","follow":"follow","max-snippet":"max-snippet:-1","max-image-preview":"max-image-preview:large","max-video-preview":"max-video-preview:-1"},"canonical":"https:\/\/naviadura.com\/index.php\/politiques-de-confidentialites\/","og_locale":"fr_FR","og_type":"article","og_title":"Politique de confidentialit\u00e9 - Naviadura","og_description":"Politique de confidentialit\u00e9Au 16 septembre 2024, le site internet www.naviadura ne collecte aucune donn\u00e9e personnelle des utilisateurs et n'utilise aucun cookie.","og_url":"https:\/\/naviadura.com\/index.php\/politiques-de-confidentialites\/","og_site_name":"Naviadura","article_modified_time":"2024-09-16T09:44:34+00:00","twitter_card":"summary_large_image","twitter_misc":{"Dur\u00e9e de lecture estim\u00e9e":"1 minute"},"schema":{"@context":"https:\/\/schema.org","@graph":[{"@type":"WebPage","@id":"https:\/\/naviadura.com\/index.php\/politiques-de-confidentialites\/","url":"https:\/\/naviadura.com\/index.php\/politiques-de-confidentialites\/","name":"Politique de confidentialit\u00e9 - Naviadura","isPartOf":{"@id":"https:\/\/naviadura.com\/#website"},"datePublished":"2023-12-18T12:42:18+00:00","dateModified":"2024-09-16T09:44:34+00:00","breadcrumb":{"@id":"https:\/\/naviadura.com\/index.php\/politiques-de-confidentialites\/#breadcrumb"},"inLanguage":"fr-FR","potentialAction":[{"@type":"ReadAction","target":["https:\/\/naviadura.com\/index.php\/politiques-de-confidentialites\/"]}]},{"@type":"BreadcrumbList","@id":"https:\/\/naviadura.com\/index.php\/politiques-de-confidentialites\/#breadcrumb","itemListElement":[{"@type":"ListItem","position":1,"name":"Accueil","item":"https:\/\/naviadura.com\/"},{"@type":"ListItem","position":2,"name":"Politique de confidentialit\u00e9"}]},{"@type":"WebSite","@id":"https:\/\/naviadura.com\/#website","url":"https:\/\/naviadura.com\/","name":"Naviadura","description":"Naviguons ensemble sur le chemin de la durabilit\u00e9","publisher":{"@id":"https:\/\/naviadura.com\/#organization"},"potentialAction":[{"@type":"SearchAction","target":{"@type":"EntryPoint","urlTemplate":"https:\/\/naviadura.com\/?s={search_term_string}"},"query-input":{"@type":"PropertyValueSpecification","valueRequired":true,"valueName":"search_term_string"}}],"inLanguage":"fr-FR"},{"@type":"Organization","@id":"https:\/\/naviadura.com\/#organization","name":"Naviadura","url":"https:\/\/naviadura.com\/","logo":{"@type":"ImageObject","inLanguage":"fr-FR","@id":"https:\/\/naviadura.com\/#\/schema\/logo\/image\/","url":"https:\/\/naviadura.com\/wp-content\/uploads\/2023\/09\/NAVIADURA_RVB_STD-scaled.jpg","contentUrl":"https:\/\/naviadura.com\/wp-content\/uploads\/2023\/09\/NAVIADURA_RVB_STD-scaled.jpg","width":2560,"height":873,"caption":"Naviadura"},"image":{"@id":"https:\/\/naviadura.com\/#\/schema\/logo\/image\/"},"sameAs":["https:\/\/www.linkedin.com\/in\/sophie-huguier\/"]}]}},"_links":{"self":[{"href":"https:\/\/naviadura.com\/index.php\/wp-json\/wp\/v2\/pages\/244","targetHints":{"allow":["GET"]}}],"collection":[{"href":"https:\/\/naviadura.com\/index.php\/wp-json\/wp\/v2\/pages"}],"about":[{"href":"https:\/\/naviadura.com\/index.php\/wp-json\/wp\/v2\/types\/page"}],"author":[{"embeddable":true,"href":"https:\/\/naviadura.com\/index.php\/wp-json\/wp\/v2\/users\/1"}],"replies":[{"embeddable":true,"href":"https:\/\/naviadura.com\/index.php\/wp-json\/wp\/v2\/comments?post=244"}],"version-history":[{"count":7,"href":"https:\/\/naviadura.com\/index.php\/wp-json\/wp\/v2\/pages\/244\/revisions"}],"predecessor-version":[{"id":354,"href":"https:\/\/naviadura.com\/index.php\/wp-json\/wp\/v2\/pages\/244\/revisions\/354"}],"wp:attachment":[{"href":"https:\/\/naviadura.com\/index.php\/wp-json\/wp\/v2\/media?parent=244"}],"curies":[{"name":"wp","href":"https:\/\/api.w.org\/{rel}","templated":true}]}}